{"id":171,"date":"2024-10-25T11:14:50","date_gmt":"2024-10-25T11:14:50","guid":{"rendered":"https:\/\/dummy.xtemos.com\/woodmart2\/makeup-elementor\/?page_id=171"},"modified":"2025-11-18T12:42:16","modified_gmt":"2025-11-18T16:42:16","slug":"quien-soy","status":"publish","type":"page","link":"https:\/\/iris-sanjuan.com\/en\/quien-soy\/","title":{"rendered":"QUI\u00c9N SOY"},"content":{"rendered":"<div data-elementor-type=\"wp-page\" data-elementor-id=\"171\" class=\"elementor elementor-171\" data-elementor-post-type=\"page\">\n\t\t\t\t<div class=\"elementor-element elementor-element-9690a7e e-flex e-con-boxed e-con e-parent\" data-id=\"9690a7e\" data-element_type=\"container\">\n\t\t\t\t\t<div class=\"e-con-inner\">\n\t\t<div class=\"elementor-element elementor-element-aee8080 e-con-full e-flex e-con e-child\" data-id=\"aee8080\" data-element_type=\"container\">\n\t\t\t\t<div class=\"elementor-element elementor-element-09ce2a6 elementor-widget__width-inherit elementor-widget elementor-widget-heading\" data-id=\"09ce2a6\" data-element_type=\"widget\" data-widget_type=\"heading.default\">\n\t\t\t\t\t<h2 class=\"elementor-heading-title elementor-size-default\">When the perfect life stopped feeling perfect<\/h2>\t\t\t\t<\/div>\n\t\t\t\t<div class=\"elementor-element elementor-element-d87726f elementor-widget__width-inherit elementor-widget elementor-widget-wd_text_block\" data-id=\"d87726f\" data-element_type=\"widget\" data-widget_type=\"wd_text_block.default\">\n\t\t\t\t<div class=\"elementor-widget-container\">\n\t\t\t\t\t\t\t<div class=\"wd-text-block reset-last-child text-left\">\n\t\t\t\n\t\t\t<p>For many years, I lived what seemed like an ideal life: family, stable businesses, and everything that from the outside looked like success. But inside, I felt empty and disconnected. Life led me to make a decision that changed everything: leaving my country, my comfort zone, and starting over in the United States, alone with my three children. What seemed like an ending became my true beginning. In the midst of uncertainty, I discovered that difficult moments do not come to destroy us, but to awaken us. Without realizing it, I began a path of transformation that would later become a method.<\/p>\n\t\t\t\t\t<\/div>\n\t\t\t\t\t\t<\/div>\n\t\t\t\t<\/div>\n\t\t\t\t<\/div>\n\t\t<div class=\"elementor-element elementor-element-eaa768d e-con-full e-flex e-con e-child\" data-id=\"eaa768d\" data-element_type=\"container\">\n\t\t\t\t<div class=\"elementor-element elementor-element-5a62b42 elementor-widget elementor-widget-image\" data-id=\"5a62b42\" data-element_type=\"widget\" data-widget_type=\"image.default\">\n\t\t\t\t\t\t\t\t\t\t\t\t\t\t\t<img fetchpriority=\"high\" decoding=\"async\" width=\"800\" height=\"800\" src=\"https:\/\/iris-sanjuan.com\/wp-content\/uploads\/2025\/11\/PHOTO-2025-10-10-16-12-57-1-800x800.jpg\" class=\"attachment-large size-large wp-image-16372\" alt=\"\" srcset=\"https:\/\/iris-sanjuan.com\/wp-content\/uploads\/2025\/11\/PHOTO-2025-10-10-16-12-57-1-800x800.jpg 800w, https:\/\/iris-sanjuan.com\/wp-content\/uploads\/2025\/11\/PHOTO-2025-10-10-16-12-57-1-300x300.jpg 300w, https:\/\/iris-sanjuan.com\/wp-content\/uploads\/2025\/11\/PHOTO-2025-10-10-16-12-57-1-150x150.jpg 150w, https:\/\/iris-sanjuan.com\/wp-content\/uploads\/2025\/11\/PHOTO-2025-10-10-16-12-57-1-768x768.jpg 768w, https:\/\/iris-sanjuan.com\/wp-content\/uploads\/2025\/11\/PHOTO-2025-10-10-16-12-57-1-600x600.jpg 600w, https:\/\/iris-sanjuan.com\/wp-content\/uploads\/2025\/11\/PHOTO-2025-10-10-16-12-57-1.jpg 1128w\" sizes=\"(max-width: 800px) 100vw, 800px\" \/>\t\t\t\t\t\t\t\t\t\t\t\t\t\t\t<\/div>\n\t\t\t\t<\/div>\n\t\t\t\t\t<\/div>\n\t\t\t\t<\/div>\n\t\t<div class=\"wd-negative-gap elementor-element elementor-element-2a484a6 e-flex e-con-boxed e-con e-parent\" data-id=\"2a484a6\" data-element_type=\"container\">\n\t\t\t\t\t<div class=\"e-con-inner\">\n\t\t<div class=\"elementor-element elementor-element-3f43773 e-con-full color-scheme-light e-flex e-con e-child\" data-id=\"3f43773\" data-element_type=\"container\" data-settings=\"{&quot;background_background&quot;:&quot;classic&quot;}\">\n\t\t\t\t<div class=\"elementor-element elementor-element-e82bacf elementor-widget elementor-widget-spacer\" data-id=\"e82bacf\" data-element_type=\"widget\" data-widget_type=\"spacer.default\">\n\t\t\t\t\t\t\t<div class=\"elementor-spacer\">\n\t\t\t<div class=\"elementor-spacer-inner\"><\/div>\n\t\t<\/div>\n\t\t\t\t\t\t<\/div>\n\t\t\t\t<\/div>\n\t\t<div class=\"elementor-element elementor-element-24ea206 e-con-full color-scheme-light e-flex e-con e-child\" data-id=\"24ea206\" data-element_type=\"container\" data-settings=\"{&quot;background_background&quot;:&quot;classic&quot;}\">\n\t\t<div class=\"elementor-element elementor-element-7fc94d0 e-con-full e-flex e-con e-child\" data-id=\"7fc94d0\" data-element_type=\"container\">\n\t\t\t\t<div class=\"elementor-element elementor-element-6ff9c1a elementor-widget-divider--view-line elementor-widget elementor-widget-divider\" data-id=\"6ff9c1a\" data-element_type=\"widget\" data-widget_type=\"divider.default\">\n\t\t\t\t\t\t\t<div class=\"elementor-divider\">\n\t\t\t<span class=\"elementor-divider-separator\">\n\t\t\t\t\t\t<\/span>\n\t\t<\/div>\n\t\t\t\t\t\t<\/div>\n\t\t\t\t<div class=\"elementor-element elementor-element-f7cd800 elementor-widget__width-inherit elementor-widget elementor-widget-heading\" data-id=\"f7cd800\" data-element_type=\"widget\" data-widget_type=\"heading.default\">\n\t\t\t\t\t<h2 class=\"elementor-heading-title elementor-size-default\">This is how the IRIS Method was born<\/h2>\t\t\t\t<\/div>\n\t\t\t\t<div class=\"elementor-element elementor-element-2669e0e elementor-widget__width-inherit elementor-widget elementor-widget-wd_text_block\" data-id=\"2669e0e\" data-element_type=\"widget\" data-widget_type=\"wd_text_block.default\">\n\t\t\t\t<div class=\"elementor-widget-container\">\n\t\t\t\t\t\t\t<div class=\"wd-text-block reset-last-child text-left\">\n\t\t\t\n\t\t\t<p>From my own process, I understood that transformation has an order, an inner path. From there, five steps were born \u2014<em>Awareness, Clarity, <strong>Alignment, Energy, and Action<\/strong><\/em>\u2014 which became my compass for rebuilding myself from within.<\/p>\n\t\t\t\t\t<\/div>\n\t\t\t\t\t\t<\/div>\n\t\t\t\t<\/div>\n\t\t\t\t<div class=\"elementor-element elementor-element-531d53c elementor-widget__width-inherit elementor-widget elementor-widget-wd_text_block\" data-id=\"531d53c\" data-element_type=\"widget\" data-widget_type=\"wd_text_block.default\">\n\t\t\t\t<div class=\"elementor-widget-container\">\n\t\t\t\t\t\t\t<div class=\"wd-text-block reset-last-child text-center color-scheme-light\">\n\t\t\t\n\t\t\t<p>Today I am the author of the book <em data-start=\"1225\" data-end=\"1270\">\u201cRestart Your Life Through the IRIS Method\u201d<\/em>, a work born from my story, but one that belongs to everyone who chooses to start again with purpose.<\/p>\n\t\t\t\t\t<\/div>\n\t\t\t\t\t\t<\/div>\n\t\t\t\t<\/div>\n\t\t\t\t<div class=\"elementor-element elementor-element-a043cc3 elementor-widget__width-inherit elementor-widget elementor-widget-wd_text_block\" data-id=\"a043cc3\" data-element_type=\"widget\" data-widget_type=\"wd_text_block.default\">\n\t\t\t\t<div class=\"elementor-widget-container\">\n\t\t\t\t\t\t\t<div class=\"wd-text-block reset-last-child text-left\">\n\t\t\t\n\t\t\t<p>Through this method, I have supported women, entrepreneurs, and leaders in reconnecting with their essence, finding direction, and leading with awareness.<\/p>\n\t\t\t\t\t<\/div>\n\t\t\t\t\t\t<\/div>\n\t\t\t\t<\/div>\n\t\t\t\t<div class=\"elementor-element elementor-element-345c140 elementor-widget-divider--view-line elementor-widget elementor-widget-divider\" data-id=\"345c140\" data-element_type=\"widget\" data-widget_type=\"divider.default\">\n\t\t\t\t\t\t\t<div class=\"elementor-divider\">\n\t\t\t<span class=\"elementor-divider-separator\">\n\t\t\t\t\t\t<\/span>\n\t\t<\/div>\n\t\t\t\t\t\t<\/div>\n\t\t\t\t<\/div>\n\t\t\t\t<\/div>\n\t\t\t\t\t<\/div>\n\t\t\t\t<\/div>\n\t\t<div class=\"wd-negative-gap elementor-element elementor-element-d0fad63 e-flex e-con-boxed e-con e-parent\" data-id=\"d0fad63\" data-element_type=\"container\">\n\t\t\t\t\t<div class=\"e-con-inner\">\n\t\t\t\t<div class=\"elementor-element elementor-element-5ce27fb elementor-widget__width-initial elementor-widget elementor-widget-heading\" data-id=\"5ce27fb\" data-element_type=\"widget\" data-widget_type=\"heading.default\">\n\t\t\t\t\t<h2 class=\"elementor-heading-title elementor-size-default\">Awaken the inner GPS of those who are ready to transform<\/h2>\t\t\t\t<\/div>\n\t\t\t\t<div class=\"elementor-element elementor-element-dc13e31 elementor-widget__width-initial elementor-widget elementor-widget-wd_text_block\" data-id=\"dc13e31\" data-element_type=\"widget\" data-widget_type=\"wd_text_block.default\">\n\t\t\t\t<div class=\"elementor-widget-container\">\n\t\t\t\t\t\t\t<div class=\"wd-text-block reset-last-child text-center\">\n\t\t\t\n\t\t\t<p>My mission is to support others in awakening that wise inner voice we all carry within, which guides us when we learn to listen to it. I deeply believe that when a person aligns with their purpose, they transform their life and the lives of those around them. Through my movement <strong><em>\u201cThe Awakening of Conscious Leadership: Your Inner GPS,\u201d<\/em><\/strong> I seek to inspire more women to remember who they are, lead with their hearts, and leave a mark through authenticity. Because I didn\u2019t come to teach you something new\u2026 <em><strong>I came to remind you who you are.<\/strong><\/em><\/p>\n\t\t\t\t\t<\/div>\n\t\t\t\t\t\t<\/div>\n\t\t\t\t<\/div>\n\t\t\t\t\t<\/div>\n\t\t\t\t<\/div>\n\t\t<div class=\"elementor-element elementor-element-4197d6e e-flex e-con-boxed e-con e-parent\" data-id=\"4197d6e\" data-element_type=\"container\">\n\t\t\t\t\t<div class=\"e-con-inner\">\n\t\t<div class=\"elementor-element elementor-element-c50bfea e-con-full e-flex e-con e-child\" data-id=\"c50bfea\" data-element_type=\"container\" data-settings=\"{&quot;background_background&quot;:&quot;classic&quot;}\">\n\t\t<div class=\"elementor-element elementor-element-6dd641d e-con-full e-flex e-con e-child\" data-id=\"6dd641d\" data-element_type=\"container\">\n\t\t<div class=\"elementor-element elementor-element-919bee7 e-con-full e-flex e-con e-child\" data-id=\"919bee7\" data-element_type=\"container\">\n\t\t<div class=\"elementor-element elementor-element-0adf7be e-grid e-con-full e-con e-child\" data-id=\"0adf7be\" data-element_type=\"container\">\n\t\t<div class=\"elementor-element elementor-element-d4ba999 e-con-full e-flex e-con e-child\" data-id=\"d4ba999\" data-element_type=\"container\">\n\t\t\t\t<div class=\"elementor-element elementor-element-da14c40 elementor-widget elementor-widget-image\" data-id=\"da14c40\" data-element_type=\"widget\" data-widget_type=\"image.default\">\n\t\t\t\t\t\t\t\t\t\t\t\t\t\t\t<img decoding=\"async\" width=\"466\" height=\"379\" src=\"https:\/\/iris-sanjuan.com\/wp-content\/uploads\/2025\/11\/Logo-Sociedad-negro.png\" class=\"attachment-large size-large wp-image-16358\" alt=\"\" srcset=\"https:\/\/iris-sanjuan.com\/wp-content\/uploads\/2025\/11\/Logo-Sociedad-negro.png 466w, https:\/\/iris-sanjuan.com\/wp-content\/uploads\/2025\/11\/Logo-Sociedad-negro-369x300.png 369w, https:\/\/iris-sanjuan.com\/wp-content\/uploads\/2025\/11\/Logo-Sociedad-negro-150x122.png 150w\" sizes=\"(max-width: 466px) 100vw, 466px\" \/>\t\t\t\t\t\t\t\t\t\t\t\t\t\t\t<\/div>\n\t\t\t\t<\/div>\n\t\t<div class=\"elementor-element elementor-element-23345a5 e-con-full e-flex e-con e-child\" data-id=\"23345a5\" data-element_type=\"container\">\n\t\t\t\t<div class=\"elementor-element elementor-element-bff9128 elementor-widget__width-inherit elementor-widget elementor-widget-heading\" data-id=\"bff9128\" data-element_type=\"widget\" data-widget_type=\"heading.default\">\n\t\t\t\t\t<h2 class=\"elementor-heading-title elementor-size-default\">Connected with women who transform their lives<\/h2>\t\t\t\t<\/div>\n\t\t\t\t<div class=\"elementor-element elementor-element-7277b3d elementor-widget__width-inherit elementor-widget elementor-widget-wd_text_block\" data-id=\"7277b3d\" data-element_type=\"widget\" data-widget_type=\"wd_text_block.default\">\n\t\t\t\t<div class=\"elementor-widget-container\">\n\t\t\t\t\t\t\t<div class=\"wd-text-block reset-last-child text-left color-scheme-light\">\n\t\t\t\n\t\t\t<p>As a member of the <em data-start=\"690\" data-end=\"726\">Hispanic Women Entrepreneurs Society<\/em>Iris connects with thousands of women who seek to expand their purpose, start businesses with clarity, and build a life aligned with their well-being.<\/p>\n\t\t\t\t\t<\/div>\n\t\t\t\t\t\t<\/div>\n\t\t\t\t<\/div>\n\t\t\t\t<\/div>\n\t\t\t\t<\/div>\n\t\t\t\t<\/div>\n\t\t\t\t<\/div>\n\t\t\t\t<\/div>\n\t\t\t\t\t<\/div>\n\t\t\t\t<\/div>\n\t\t<div class=\"wd-negative-gap elementor-element elementor-element-2bf9e11 wd-collapsible-content e-flex e-con-boxed e-con e-parent\" data-id=\"2bf9e11\" data-element_type=\"container\">\n\t\t\t\t\t<div class=\"e-con-inner\">\n\t\t\t\t<div class=\"elementor-element elementor-element-c051139 elementor-widget elementor-widget-wd_button\" data-id=\"c051139\" data-element_type=\"widget\" data-widget_type=\"wd_button.default\">\n\t\t\t\t<div class=\"elementor-widget-container\">\n\t\t\t\t\t\t\t<div class=\"wd-button-wrapper text-left wd-collapsible-button\" >\n\t\t\t<a class=\"btn btn-style-default btn-shape-round btn-size-default btn-color-white btn-icon-pos-right\"  href=\"#\">\n\t\t\t\t<span class=\"wd-btn-text\" data-elementor-setting-key=\"text\">\n\t\t\t\t\tRead more\t\t\t\t<\/span>\n\n\t\t\t\t\t\t\t\t\t<span class=\"wd-btn-icon\">\n\t\t\t\t\t\t<img loading=\"lazy\" decoding=\"async\"  src=\"https:\/\/iris-sanjuan.com\/wp-content\/uploads\/2024\/10\/chevron-down-black.svg\" title=\"chevron-down-black\" width=\"15\" height=\"15\">\t\t\t\t\t<\/span>\n\t\t\t\t\t\t\t<\/a>\n\t\t<\/div>\n\t\t\t\t\t\t<\/div>\n\t\t\t\t<\/div>\n\t\t\t\t\t<\/div>\n\t\t\t\t<\/div>\n\t\t\t\t<\/div>","protected":false},"excerpt":{"rendered":"<p>Cuando la vida perfecta dej\u00f3 de sentirse perfecta Durante muchos a\u00f1os viv\u00ed lo que parec\u00eda una vida ideal: familia, negocios<\/p>","protected":false},"author":1,"featured_media":0,"parent":0,"menu_order":0,"comment_status":"closed","ping_status":"closed","template":"","meta":{"footnotes":""},"class_list":["post-171","page","type-page","status-publish","hentry"],"_links":{"self":[{"href":"https:\/\/iris-sanjuan.com\/en\/wp-json\/wp\/v2\/pages\/171","targetHints":{"allow":["GET"]}}],"collection":[{"href":"https:\/\/iris-sanjuan.com\/en\/wp-json\/wp\/v2\/pages"}],"about":[{"href":"https:\/\/iris-sanjuan.com\/en\/wp-json\/wp\/v2\/types\/page"}],"author":[{"embeddable":true,"href":"https:\/\/iris-sanjuan.com\/en\/wp-json\/wp\/v2\/users\/1"}],"replies":[{"embeddable":true,"href":"https:\/\/iris-sanjuan.com\/en\/wp-json\/wp\/v2\/comments?post=171"}],"version-history":[{"count":13,"href":"https:\/\/iris-sanjuan.com\/en\/wp-json\/wp\/v2\/pages\/171\/revisions"}],"predecessor-version":[{"id":16406,"href":"https:\/\/iris-sanjuan.com\/en\/wp-json\/wp\/v2\/pages\/171\/revisions\/16406"}],"wp:attachment":[{"href":"https:\/\/iris-sanjuan.com\/en\/wp-json\/wp\/v2\/media?parent=171"}],"curies":[{"name":"wp","href":"https:\/\/api.w.org\/{rel}","templated":true}]}}