{"id":16560,"date":"2026-01-28T22:57:42","date_gmt":"2026-01-29T02:57:42","guid":{"rendered":"https:\/\/iris-sanjuan.com\/?page_id=16560"},"modified":"2026-01-28T23:39:46","modified_gmt":"2026-01-29T03:39:46","slug":"tienda-2","status":"publish","type":"page","link":"https:\/\/iris-sanjuan.com\/en\/tienda-2\/","title":{"rendered":"Tienda"},"content":{"rendered":"<div data-elementor-type=\"wp-page\" data-elementor-id=\"16560\" class=\"elementor elementor-16560\" data-elementor-post-type=\"page\">\n\t\t\t\t<div class=\"wd-negative-gap elementor-element elementor-element-5f06494 e-flex e-con-boxed e-con e-parent\" data-id=\"5f06494\" data-element_type=\"container\">\n\t\t\t\t\t<div class=\"e-con-inner\">\n\t\t\t\t<div class=\"elementor-element elementor-element-93434e8 elementor-widget__width-inherit elementor-widget elementor-widget-wd_text_block\" data-id=\"93434e8\" data-element_type=\"widget\" data-widget_type=\"wd_text_block.default\">\n\t\t\t\t<div class=\"elementor-widget-container\">\n\t\t\t\t\t\t\t<div class=\"wd-text-block reset-last-child text-left\">\n\t\t\t\n\t\t\t<p>Inicio<i> \/\u00a0<\/i> <strong>Tienda<\/strong><\/p>\n\t\t\t\t\t<\/div>\n\t\t\t\t\t\t<\/div>\n\t\t\t\t<\/div>\n\t\t\t\t\t<\/div>\n\t\t\t\t<\/div>\n\t\t<div class=\"wd-negative-gap elementor-element elementor-element-00dafff elementor-hidden-mobile e-flex e-con-boxed e-con e-parent\" data-id=\"00dafff\" data-element_type=\"container\">\n\t\t\t\t\t<div class=\"e-con-inner\">\n\t\t\t\t<div class=\"elementor-element elementor-element-39476aa elementor-widget__width-inherit elementor-pagination-type-bullets elementor-arrows-position-inside elementor-pagination-position-outside elementor-widget elementor-widget-n-carousel\" data-id=\"39476aa\" data-element_type=\"widget\" data-settings=\"{&quot;carousel_items&quot;:[{&quot;slide_title&quot;:&quot;Slide #1&quot;,&quot;_id&quot;:&quot;eae7baf&quot;},{&quot;slide_title&quot;:&quot;Slide #1&quot;,&quot;_id&quot;:&quot;1fce0f5&quot;},{&quot;slide_title&quot;:&quot;Slide #1&quot;,&quot;_id&quot;:&quot;e30f4bd&quot;}],&quot;image_spacing_custom&quot;:{&quot;unit&quot;:&quot;px&quot;,&quot;size&quot;:43,&quot;sizes&quot;:[]},&quot;slides_to_show_tablet&quot;:&quot;2&quot;,&quot;slides_to_show_mobile&quot;:&quot;1&quot;,&quot;speed&quot;:500,&quot;arrows&quot;:&quot;yes&quot;,&quot;pagination&quot;:&quot;bullets&quot;,&quot;image_spacing_custom_tablet&quot;:{&quot;unit&quot;:&quot;px&quot;,&quot;size&quot;:&quot;&quot;,&quot;sizes&quot;:[]},&quot;image_spacing_custom_mobile&quot;:{&quot;unit&quot;:&quot;px&quot;,&quot;size&quot;:&quot;&quot;,&quot;sizes&quot;:[]}}\" data-widget_type=\"nested-carousel.default\">\n\t\t\t\t\t\t\t<div class=\"e-n-carousel swiper\" role=\"region\" aria-roledescription=\"carousel\" aria-label=\"Carousel\" dir=\"ltr\">\n\t\t\t<div class=\"swiper-wrapper\" aria-live=\"polite\">\n\t\t\t\t\t\t\t\t\t\t<div class=\"swiper-slide\" data-slide=\"1\" role=\"group\" aria-roledescription=\"slide\" aria-label=\"1 of 3\">\n\t\t\t\t\t\t\t<div class=\"wd-negative-gap elementor-element elementor-element-199549c e-flex e-con-boxed e-con e-child\" data-id=\"199549c\" data-element_type=\"container\">\n\t\t\t\t\t<div class=\"e-con-inner\">\n\t\t<div class=\"elementor-element elementor-element-eb1b140 e-con-full e-flex e-con e-child\" data-id=\"eb1b140\" data-element_type=\"container\" data-settings=\"{&quot;background_background&quot;:&quot;classic&quot;}\">\n\t\t\t\t<div class=\"elementor-element elementor-element-fbdf244 elementor-widget elementor-widget-image\" data-id=\"fbdf244\" data-element_type=\"widget\" data-widget_type=\"image.default\">\n\t\t\t\t\t\t\t\t\t\t\t\t\t\t\t<img fetchpriority=\"high\" decoding=\"async\" width=\"800\" height=\"800\" src=\"https:\/\/iris-sanjuan.com\/wp-content\/uploads\/2025\/10\/Cover-Book-Mockup-Instagram-Post-800x800.jpg\" class=\"attachment-large size-large wp-image-16335\" alt=\"\" srcset=\"https:\/\/iris-sanjuan.com\/wp-content\/uploads\/2025\/10\/Cover-Book-Mockup-Instagram-Post-800x800.jpg 800w, https:\/\/iris-sanjuan.com\/wp-content\/uploads\/2025\/10\/Cover-Book-Mockup-Instagram-Post-300x300.jpg 300w, https:\/\/iris-sanjuan.com\/wp-content\/uploads\/2025\/10\/Cover-Book-Mockup-Instagram-Post-150x150.jpg 150w, https:\/\/iris-sanjuan.com\/wp-content\/uploads\/2025\/10\/Cover-Book-Mockup-Instagram-Post-768x768.jpg 768w, https:\/\/iris-sanjuan.com\/wp-content\/uploads\/2025\/10\/Cover-Book-Mockup-Instagram-Post-600x600.jpg 600w, https:\/\/iris-sanjuan.com\/wp-content\/uploads\/2025\/10\/Cover-Book-Mockup-Instagram-Post.jpg 810w\" sizes=\"(max-width: 800px) 100vw, 800px\" \/>\t\t\t\t\t\t\t\t\t\t\t\t\t\t\t<\/div>\n\t\t\t\t<div class=\"elementor-element elementor-element-0f111a7 elementor-widget elementor-widget-heading\" data-id=\"0f111a7\" data-element_type=\"widget\" data-widget_type=\"heading.default\">\n\t\t\t\t\t<p class=\"elementor-heading-title elementor-size-default\">Asesor\u00edas Empresariales<br> con Iris Sanjuan<\/p>\t\t\t\t<\/div>\n\t\t\t\t<div class=\"elementor-element elementor-element-051ede2 elementor-align-center elementor-widget elementor-widget-button\" data-id=\"051ede2\" data-element_type=\"widget\" data-widget_type=\"button.default\">\n\t\t\t\t\t\t\t\t\t\t<a class=\"elementor-button elementor-button-link elementor-size-sm\" href=\"https:\/\/iris-sanjuan.com\/en\/asesorias-empresariales-con-iris-sanjuan\/\">\n\t\t\t\t\t\t<span class=\"elementor-button-content-wrapper\">\n\t\t\t\t\t\t\t\t\t<span class=\"elementor-button-text\">Leer m\u00e1s<\/span>\n\t\t\t\t\t<\/span>\n\t\t\t\t\t<\/a>\n\t\t\t\t\t\t\t\t<\/div>\n\t\t\t\t<\/div>\n\t\t\t\t\t<\/div>\n\t\t\t\t<\/div>\n\t\t\t\t\t\t\t\t<\/div>\n\t\t\t\t\t\t\t\t\t\t\t<div class=\"swiper-slide\" data-slide=\"2\" role=\"group\" aria-roledescription=\"slide\" aria-label=\"2 of 3\">\n\t\t\t\t\t\t\t<div class=\"wd-negative-gap elementor-element elementor-element-4e73ed5 e-flex e-con-boxed e-con e-child\" data-id=\"4e73ed5\" data-element_type=\"container\">\n\t\t\t\t\t<div class=\"e-con-inner\">\n\t\t<div class=\"elementor-element elementor-element-a7171b8 e-con-full e-flex e-con e-child\" data-id=\"a7171b8\" data-element_type=\"container\" data-settings=\"{&quot;background_background&quot;:&quot;classic&quot;}\">\n\t\t\t\t<div class=\"elementor-element elementor-element-de90a35 elementor-widget elementor-widget-image\" data-id=\"de90a35\" data-element_type=\"widget\" data-widget_type=\"image.default\">\n\t\t\t\t\t\t\t\t\t\t\t\t\t\t\t<img decoding=\"async\" width=\"800\" height=\"800\" src=\"https:\/\/iris-sanjuan.com\/wp-content\/uploads\/2025\/10\/White-and-Brown-Simple-Cover-Book-Mockup-Instagram-Post-2-800x800.png\" class=\"attachment-large size-large wp-image-16025\" alt=\"\" srcset=\"https:\/\/iris-sanjuan.com\/wp-content\/uploads\/2025\/10\/White-and-Brown-Simple-Cover-Book-Mockup-Instagram-Post-2-800x800.png 800w, https:\/\/iris-sanjuan.com\/wp-content\/uploads\/2025\/10\/White-and-Brown-Simple-Cover-Book-Mockup-Instagram-Post-2-300x300.png 300w, https:\/\/iris-sanjuan.com\/wp-content\/uploads\/2025\/10\/White-and-Brown-Simple-Cover-Book-Mockup-Instagram-Post-2-150x150.png 150w, https:\/\/iris-sanjuan.com\/wp-content\/uploads\/2025\/10\/White-and-Brown-Simple-Cover-Book-Mockup-Instagram-Post-2-768x768.png 768w, https:\/\/iris-sanjuan.com\/wp-content\/uploads\/2025\/10\/White-and-Brown-Simple-Cover-Book-Mockup-Instagram-Post-2-600x600.png 600w, https:\/\/iris-sanjuan.com\/wp-content\/uploads\/2025\/10\/White-and-Brown-Simple-Cover-Book-Mockup-Instagram-Post-2.png 810w\" sizes=\"(max-width: 800px) 100vw, 800px\" \/>\t\t\t\t\t\t\t\t\t\t\t\t\t\t\t<\/div>\n\t\t\t\t<div class=\"elementor-element elementor-element-b974def elementor-widget elementor-widget-heading\" data-id=\"b974def\" data-element_type=\"widget\" data-widget_type=\"heading.default\">\n\t\t\t\t\t<p class=\"elementor-heading-title elementor-size-default\">Reinicia tu vida: M\u00e9todo Iris de Transformaci\u00f3n \u2013 Versi\u00f3n Digital (eBook)\n<\/p>\t\t\t\t<\/div>\n\t\t\t\t<div class=\"elementor-element elementor-element-bc44ba5 elementor-align-center elementor-widget elementor-widget-button\" data-id=\"bc44ba5\" data-element_type=\"widget\" data-widget_type=\"button.default\">\n\t\t\t\t\t\t\t\t\t\t<a class=\"elementor-button elementor-button-link elementor-size-sm\" href=\"https:\/\/iris-sanjuan.com\/en\/reinicia-tu-vida-metodo-iris-de-transformacion-version-digital-ebook\/\">\n\t\t\t\t\t\t<span class=\"elementor-button-content-wrapper\">\n\t\t\t\t\t\t\t\t\t<span class=\"elementor-button-text\">Leer m\u00e1s<\/span>\n\t\t\t\t\t<\/span>\n\t\t\t\t\t<\/a>\n\t\t\t\t\t\t\t\t<\/div>\n\t\t\t\t<\/div>\n\t\t\t\t\t<\/div>\n\t\t\t\t<\/div>\n\t\t\t\t\t\t\t\t<\/div>\n\t\t\t\t\t\t\t\t\t\t\t<div class=\"swiper-slide\" data-slide=\"3\" role=\"group\" aria-roledescription=\"slide\" aria-label=\"3 of 3\">\n\t\t\t\t\t\t\t<div class=\"wd-negative-gap elementor-element elementor-element-8612a7e e-flex e-con-boxed e-con e-child\" data-id=\"8612a7e\" data-element_type=\"container\">\n\t\t\t\t\t<div class=\"e-con-inner\">\n\t\t<div class=\"elementor-element elementor-element-4925e61 e-con-full e-flex e-con e-child\" data-id=\"4925e61\" data-element_type=\"container\" data-settings=\"{&quot;background_background&quot;:&quot;classic&quot;}\">\n\t\t\t\t<div class=\"elementor-element elementor-element-da3e78d elementor-widget elementor-widget-image\" data-id=\"da3e78d\" data-element_type=\"widget\" data-widget_type=\"image.default\">\n\t\t\t\t\t\t\t\t\t\t\t\t\t\t\t<img decoding=\"async\" width=\"800\" height=\"800\" src=\"https:\/\/iris-sanjuan.com\/wp-content\/uploads\/2025\/10\/White-and-Brown-Simple-Cover-Book-Mockup-Instagram-Post-2-800x800.png\" class=\"attachment-large size-large wp-image-16025\" alt=\"\" srcset=\"https:\/\/iris-sanjuan.com\/wp-content\/uploads\/2025\/10\/White-and-Brown-Simple-Cover-Book-Mockup-Instagram-Post-2-800x800.png 800w, https:\/\/iris-sanjuan.com\/wp-content\/uploads\/2025\/10\/White-and-Brown-Simple-Cover-Book-Mockup-Instagram-Post-2-300x300.png 300w, https:\/\/iris-sanjuan.com\/wp-content\/uploads\/2025\/10\/White-and-Brown-Simple-Cover-Book-Mockup-Instagram-Post-2-150x150.png 150w, https:\/\/iris-sanjuan.com\/wp-content\/uploads\/2025\/10\/White-and-Brown-Simple-Cover-Book-Mockup-Instagram-Post-2-768x768.png 768w, https:\/\/iris-sanjuan.com\/wp-content\/uploads\/2025\/10\/White-and-Brown-Simple-Cover-Book-Mockup-Instagram-Post-2-600x600.png 600w, https:\/\/iris-sanjuan.com\/wp-content\/uploads\/2025\/10\/White-and-Brown-Simple-Cover-Book-Mockup-Instagram-Post-2.png 810w\" sizes=\"(max-width: 800px) 100vw, 800px\" \/>\t\t\t\t\t\t\t\t\t\t\t\t\t\t\t<\/div>\n\t\t\t\t<div class=\"elementor-element elementor-element-c06fce6 elementor-widget elementor-widget-heading\" data-id=\"c06fce6\" data-element_type=\"widget\" data-widget_type=\"heading.default\">\n\t\t\t\t\t<p class=\"elementor-heading-title elementor-size-default\">Reinicia tu vida: M\u00e9todo Iris<br> de Transformaci\u00f3n \n<\/p>\t\t\t\t<\/div>\n\t\t\t\t<div class=\"elementor-element elementor-element-aeec536 elementor-align-center elementor-widget elementor-widget-button\" data-id=\"aeec536\" data-element_type=\"widget\" data-widget_type=\"button.default\">\n\t\t\t\t\t\t\t\t\t\t<a class=\"elementor-button elementor-button-link elementor-size-sm\" href=\"https:\/\/iris-sanjuan.com\/en\/reinicia-tu-vida-metodo-iris-de-transformacion-version-impresa\/\">\n\t\t\t\t\t\t<span class=\"elementor-button-content-wrapper\">\n\t\t\t\t\t\t\t\t\t<span class=\"elementor-button-text\">Leer m\u00e1s<\/span>\n\t\t\t\t\t<\/span>\n\t\t\t\t\t<\/a>\n\t\t\t\t\t\t\t\t<\/div>\n\t\t\t\t<\/div>\n\t\t\t\t\t<\/div>\n\t\t\t\t<\/div>\n\t\t\t\t\t\t\t\t<\/div>\n\t\t\t\t\t\t\t\t<\/div>\n\t\t<\/div>\n\t\t\t\t\t<div class=\"elementor-swiper-button elementor-swiper-button-prev\" role=\"button\" tabindex=\"0\" aria-label=\"Previous\">\n\t\t\t\t<svg aria-hidden=\"true\" class=\"e-font-icon-svg e-eicon-chevron-left\" viewbox=\"0 0 1000 1000\" xmlns=\"http:\/\/www.w3.org\/2000\/svg\"><path d=\"M646 125C629 125 613 133 604 142L308 442C296 454 292 471 292 487 292 504 296 521 308 533L604 854C617 867 629 875 646 875 663 875 679 871 692 858 704 846 713 829 713 812 713 796 708 779 692 767L438 487 692 225C700 217 708 204 708 187 708 171 704 154 692 142 675 129 663 125 646 125Z\"><\/path><\/svg>\t\t\t<\/div>\n\t\t\t<div class=\"elementor-swiper-button elementor-swiper-button-next\" role=\"button\" tabindex=\"0\" aria-label=\"Next\">\n\t\t\t\t<svg aria-hidden=\"true\" class=\"e-font-icon-svg e-eicon-chevron-right\" viewbox=\"0 0 1000 1000\" xmlns=\"http:\/\/www.w3.org\/2000\/svg\"><path d=\"M696 533C708 521 713 504 713 487 713 471 708 454 696 446L400 146C388 133 375 125 354 125 338 125 325 129 313 142 300 154 292 171 292 187 292 204 296 221 308 233L563 492 304 771C292 783 288 800 288 817 288 833 296 850 308 863 321 871 338 875 354 875 371 875 388 867 400 854L696 533Z\"><\/path><\/svg>\t\t\t<\/div>\n\t\t\t\t\t<div class=\"swiper-pagination\"><\/div>\n\t\t\t\t\t\t<\/div>\n\t\t\t\t\t<\/div>\n\t\t\t\t<\/div>\n\t\t<div class=\"wd-negative-gap elementor-element elementor-element-7fed968 elementor-hidden-desktop elementor-hidden-tablet e-flex e-con-boxed e-con e-parent\" data-id=\"7fed968\" data-element_type=\"container\">\n\t\t\t\t\t<div class=\"e-con-inner\">\n\t\t<div class=\"elementor-element elementor-element-2b8dc50 e-con-full e-flex e-con e-child\" data-id=\"2b8dc50\" data-element_type=\"container\">\n\t\t<div class=\"elementor-element elementor-element-d1a404c e-con-full e-flex e-con e-child\" data-id=\"d1a404c\" data-element_type=\"container\" data-settings=\"{&quot;background_background&quot;:&quot;classic&quot;}\">\n\t\t\t\t<div class=\"elementor-element elementor-element-9f24d97 elementor-widget elementor-widget-image\" data-id=\"9f24d97\" data-element_type=\"widget\" data-widget_type=\"image.default\">\n\t\t\t\t\t\t\t\t\t\t\t\t\t\t\t<img fetchpriority=\"high\" decoding=\"async\" width=\"800\" height=\"800\" src=\"https:\/\/iris-sanjuan.com\/wp-content\/uploads\/2025\/10\/Cover-Book-Mockup-Instagram-Post-800x800.jpg\" class=\"attachment-large size-large wp-image-16335\" alt=\"\" srcset=\"https:\/\/iris-sanjuan.com\/wp-content\/uploads\/2025\/10\/Cover-Book-Mockup-Instagram-Post-800x800.jpg 800w, https:\/\/iris-sanjuan.com\/wp-content\/uploads\/2025\/10\/Cover-Book-Mockup-Instagram-Post-300x300.jpg 300w, https:\/\/iris-sanjuan.com\/wp-content\/uploads\/2025\/10\/Cover-Book-Mockup-Instagram-Post-150x150.jpg 150w, https:\/\/iris-sanjuan.com\/wp-content\/uploads\/2025\/10\/Cover-Book-Mockup-Instagram-Post-768x768.jpg 768w, https:\/\/iris-sanjuan.com\/wp-content\/uploads\/2025\/10\/Cover-Book-Mockup-Instagram-Post-600x600.jpg 600w, https:\/\/iris-sanjuan.com\/wp-content\/uploads\/2025\/10\/Cover-Book-Mockup-Instagram-Post.jpg 810w\" sizes=\"(max-width: 800px) 100vw, 800px\" \/>\t\t\t\t\t\t\t\t\t\t\t\t\t\t\t<\/div>\n\t\t\t\t<div class=\"elementor-element elementor-element-9df5a6e elementor-widget elementor-widget-heading\" data-id=\"9df5a6e\" data-element_type=\"widget\" data-widget_type=\"heading.default\">\n\t\t\t\t\t<p class=\"elementor-heading-title elementor-size-default\">Asesor\u00edas Empresariales<br> con Iris Sanjuan<\/p>\t\t\t\t<\/div>\n\t\t\t\t<div class=\"elementor-element elementor-element-ee8ef02 elementor-align-center elementor-widget elementor-widget-button\" data-id=\"ee8ef02\" data-element_type=\"widget\" data-widget_type=\"button.default\">\n\t\t\t\t\t\t\t\t\t\t<a class=\"elementor-button elementor-button-link elementor-size-sm\" href=\"https:\/\/iris-sanjuan.com\/en\/asesorias-empresariales-con-iris-sanjuan\/\">\n\t\t\t\t\t\t<span class=\"elementor-button-content-wrapper\">\n\t\t\t\t\t\t\t\t\t<span class=\"elementor-button-text\">Leer m\u00e1s<\/span>\n\t\t\t\t\t<\/span>\n\t\t\t\t\t<\/a>\n\t\t\t\t\t\t\t\t<\/div>\n\t\t\t\t<\/div>\n\t\t\t\t<\/div>\n\t\t<div class=\"elementor-element elementor-element-8a1505c e-con-full e-flex e-con e-child\" data-id=\"8a1505c\" data-element_type=\"container\">\n\t\t<div class=\"elementor-element elementor-element-241f5f1 e-con-full e-flex e-con e-child\" data-id=\"241f5f1\" data-element_type=\"container\" data-settings=\"{&quot;background_background&quot;:&quot;classic&quot;}\">\n\t\t\t\t<div class=\"elementor-element elementor-element-de94c4e elementor-widget elementor-widget-image\" data-id=\"de94c4e\" data-element_type=\"widget\" data-widget_type=\"image.default\">\n\t\t\t\t\t\t\t\t\t\t\t\t\t\t\t<img decoding=\"async\" width=\"800\" height=\"800\" src=\"https:\/\/iris-sanjuan.com\/wp-content\/uploads\/2025\/10\/White-and-Brown-Simple-Cover-Book-Mockup-Instagram-Post-2-800x800.png\" class=\"attachment-large size-large wp-image-16025\" alt=\"\" srcset=\"https:\/\/iris-sanjuan.com\/wp-content\/uploads\/2025\/10\/White-and-Brown-Simple-Cover-Book-Mockup-Instagram-Post-2-800x800.png 800w, https:\/\/iris-sanjuan.com\/wp-content\/uploads\/2025\/10\/White-and-Brown-Simple-Cover-Book-Mockup-Instagram-Post-2-300x300.png 300w, https:\/\/iris-sanjuan.com\/wp-content\/uploads\/2025\/10\/White-and-Brown-Simple-Cover-Book-Mockup-Instagram-Post-2-150x150.png 150w, https:\/\/iris-sanjuan.com\/wp-content\/uploads\/2025\/10\/White-and-Brown-Simple-Cover-Book-Mockup-Instagram-Post-2-768x768.png 768w, https:\/\/iris-sanjuan.com\/wp-content\/uploads\/2025\/10\/White-and-Brown-Simple-Cover-Book-Mockup-Instagram-Post-2-600x600.png 600w, https:\/\/iris-sanjuan.com\/wp-content\/uploads\/2025\/10\/White-and-Brown-Simple-Cover-Book-Mockup-Instagram-Post-2.png 810w\" sizes=\"(max-width: 800px) 100vw, 800px\" \/>\t\t\t\t\t\t\t\t\t\t\t\t\t\t\t<\/div>\n\t\t\t\t<div class=\"elementor-element elementor-element-55e1d4f elementor-widget elementor-widget-heading\" data-id=\"55e1d4f\" data-element_type=\"widget\" data-widget_type=\"heading.default\">\n\t\t\t\t\t<p class=\"elementor-heading-title elementor-size-default\">Reinicia tu vida: M\u00e9todo Iris de Transformaci\u00f3n \u2013 Versi\u00f3n Digital (eBook)\n<\/p>\t\t\t\t<\/div>\n\t\t\t\t<div class=\"elementor-element elementor-element-e5a11d2 elementor-align-center elementor-widget elementor-widget-button\" data-id=\"e5a11d2\" data-element_type=\"widget\" data-widget_type=\"button.default\">\n\t\t\t\t\t\t\t\t\t\t<a class=\"elementor-button elementor-button-link elementor-size-sm\" href=\"https:\/\/iris-sanjuan.com\/en\/reinicia-tu-vida-metodo-iris-de-transformacion-version-digital-ebook\/\">\n\t\t\t\t\t\t<span class=\"elementor-button-content-wrapper\">\n\t\t\t\t\t\t\t\t\t<span class=\"elementor-button-text\">Leer m\u00e1s<\/span>\n\t\t\t\t\t<\/span>\n\t\t\t\t\t<\/a>\n\t\t\t\t\t\t\t\t<\/div>\n\t\t\t\t<\/div>\n\t\t\t\t<\/div>\n\t\t<div class=\"elementor-element elementor-element-4112ea4 e-con-full e-flex e-con e-child\" data-id=\"4112ea4\" data-element_type=\"container\">\n\t\t<div class=\"elementor-element elementor-element-2d48e45 e-con-full e-flex e-con e-child\" data-id=\"2d48e45\" data-element_type=\"container\" data-settings=\"{&quot;background_background&quot;:&quot;classic&quot;}\">\n\t\t\t\t<div class=\"elementor-element elementor-element-2c8ec1d elementor-widget elementor-widget-image\" data-id=\"2c8ec1d\" data-element_type=\"widget\" data-widget_type=\"image.default\">\n\t\t\t\t\t\t\t\t\t\t\t\t\t\t\t<img decoding=\"async\" width=\"800\" height=\"800\" src=\"https:\/\/iris-sanjuan.com\/wp-content\/uploads\/2025\/10\/White-and-Brown-Simple-Cover-Book-Mockup-Instagram-Post-2-800x800.png\" class=\"attachment-large size-large wp-image-16025\" alt=\"\" srcset=\"https:\/\/iris-sanjuan.com\/wp-content\/uploads\/2025\/10\/White-and-Brown-Simple-Cover-Book-Mockup-Instagram-Post-2-800x800.png 800w, https:\/\/iris-sanjuan.com\/wp-content\/uploads\/2025\/10\/White-and-Brown-Simple-Cover-Book-Mockup-Instagram-Post-2-300x300.png 300w, https:\/\/iris-sanjuan.com\/wp-content\/uploads\/2025\/10\/White-and-Brown-Simple-Cover-Book-Mockup-Instagram-Post-2-150x150.png 150w, https:\/\/iris-sanjuan.com\/wp-content\/uploads\/2025\/10\/White-and-Brown-Simple-Cover-Book-Mockup-Instagram-Post-2-768x768.png 768w, https:\/\/iris-sanjuan.com\/wp-content\/uploads\/2025\/10\/White-and-Brown-Simple-Cover-Book-Mockup-Instagram-Post-2-600x600.png 600w, https:\/\/iris-sanjuan.com\/wp-content\/uploads\/2025\/10\/White-and-Brown-Simple-Cover-Book-Mockup-Instagram-Post-2.png 810w\" sizes=\"(max-width: 800px) 100vw, 800px\" \/>\t\t\t\t\t\t\t\t\t\t\t\t\t\t\t<\/div>\n\t\t\t\t<div class=\"elementor-element elementor-element-0a40059 elementor-widget elementor-widget-heading\" data-id=\"0a40059\" data-element_type=\"widget\" data-widget_type=\"heading.default\">\n\t\t\t\t\t<p class=\"elementor-heading-title elementor-size-default\">Reinicia tu vida: M\u00e9todo Iris<br> de Transformaci\u00f3n \n<\/p>\t\t\t\t<\/div>\n\t\t\t\t<div class=\"elementor-element elementor-element-c544863 elementor-align-center elementor-widget elementor-widget-button\" data-id=\"c544863\" data-element_type=\"widget\" data-widget_type=\"button.default\">\n\t\t\t\t\t\t\t\t\t\t<a class=\"elementor-button elementor-button-link elementor-size-sm\" href=\"https:\/\/iris-sanjuan.com\/en\/reinicia-tu-vida-metodo-iris-de-transformacion-version-impresa\/\">\n\t\t\t\t\t\t<span class=\"elementor-button-content-wrapper\">\n\t\t\t\t\t\t\t\t\t<span class=\"elementor-button-text\">Leer m\u00e1s<\/span>\n\t\t\t\t\t<\/span>\n\t\t\t\t\t<\/a>\n\t\t\t\t\t\t\t\t<\/div>\n\t\t\t\t<\/div>\n\t\t\t\t<\/div>\n\t\t\t\t\t<\/div>\n\t\t\t\t<\/div>\n\t\t\t\t<\/div>","protected":false},"excerpt":{"rendered":"<p>Inicio \/\u00a0 Tienda Asesor\u00edas Empresariales con Iris Sanjuan Leer m\u00e1s Reinicia tu vida: M\u00e9todo Iris de Transformaci\u00f3n \u2013 Versi\u00f3n Digital<\/p>","protected":false},"author":1,"featured_media":0,"parent":0,"menu_order":0,"comment_status":"closed","ping_status":"closed","template":"","meta":{"footnotes":""},"class_list":["post-16560","page","type-page","status-publish","hentry"],"_links":{"self":[{"href":"https:\/\/iris-sanjuan.com\/en\/wp-json\/wp\/v2\/pages\/16560","targetHints":{"allow":["GET"]}}],"collection":[{"href":"https:\/\/iris-sanjuan.com\/en\/wp-json\/wp\/v2\/pages"}],"about":[{"href":"https:\/\/iris-sanjuan.com\/en\/wp-json\/wp\/v2\/types\/page"}],"author":[{"embeddable":true,"href":"https:\/\/iris-sanjuan.com\/en\/wp-json\/wp\/v2\/users\/1"}],"replies":[{"embeddable":true,"href":"https:\/\/iris-sanjuan.com\/en\/wp-json\/wp\/v2\/comments?post=16560"}],"version-history":[{"count":13,"href":"https:\/\/iris-sanjuan.com\/en\/wp-json\/wp\/v2\/pages\/16560\/revisions"}],"predecessor-version":[{"id":16590,"href":"https:\/\/iris-sanjuan.com\/en\/wp-json\/wp\/v2\/pages\/16560\/revisions\/16590"}],"wp:attachment":[{"href":"https:\/\/iris-sanjuan.com\/en\/wp-json\/wp\/v2\/media?parent=16560"}],"curies":[{"name":"wp","href":"https:\/\/api.w.org\/{rel}","templated":true}]}}