{"id":16541,"date":"2026-01-28T22:52:16","date_gmt":"2026-01-29T02:52:16","guid":{"rendered":"https:\/\/iris-sanjuan.com\/?page_id=16541"},"modified":"2026-01-28T23:30:15","modified_gmt":"2026-01-29T03:30:15","slug":"asesorias-empresariales-con-iris-sanjuan","status":"publish","type":"page","link":"https:\/\/iris-sanjuan.com\/en\/asesorias-empresariales-con-iris-sanjuan\/","title":{"rendered":"Asesor\u00edas Empresariales con Iris Sanjuan"},"content":{"rendered":"<div data-elementor-type=\"wp-page\" data-elementor-id=\"16541\" class=\"elementor elementor-16541\" data-elementor-post-type=\"page\">\n\t\t\t\t<div class=\"wd-negative-gap elementor-element elementor-element-6930562 e-flex e-con-boxed e-con e-parent\" data-id=\"6930562\" data-element_type=\"container\">\n\t\t\t\t\t<div class=\"e-con-inner\">\n\t\t\t\t<div class=\"elementor-element elementor-element-3dada08 elementor-widget__width-inherit elementor-widget elementor-widget-wd_text_block\" data-id=\"3dada08\" data-element_type=\"widget\" data-widget_type=\"wd_text_block.default\">\n\t\t\t\t<div class=\"elementor-widget-container\">\n\t\t\t\t\t\t\t<div class=\"wd-text-block reset-last-child text-left\">\n\t\t\t\n\t\t\t<p>Inicio<i> \/\u00a0<\/i> <strong>Asesor\u00edas Empresariales con Iris Sanjuan<\/strong><\/p>\n\t\t\t\t\t<\/div>\n\t\t\t\t\t\t<\/div>\n\t\t\t\t<\/div>\n\t\t\t\t\t<\/div>\n\t\t\t\t<\/div>\n\t\t<div class=\"wd-negative-gap elementor-element elementor-element-ef72330 e-flex e-con-boxed e-con e-parent\" data-id=\"ef72330\" data-element_type=\"container\">\n\t\t\t\t\t<div class=\"e-con-inner\">\n\t\t<div class=\"elementor-element elementor-element-1756a03 e-con-full e-flex e-con e-child\" data-id=\"1756a03\" data-element_type=\"container\" data-settings=\"{&quot;background_background&quot;:&quot;classic&quot;}\">\n\t\t\t\t<div class=\"elementor-element elementor-element-5409ec7 elementor-widget elementor-widget-image\" data-id=\"5409ec7\" data-element_type=\"widget\" data-widget_type=\"image.default\">\n\t\t\t\t\t\t\t\t\t\t\t\t\t\t\t<img fetchpriority=\"high\" decoding=\"async\" width=\"800\" height=\"800\" src=\"https:\/\/iris-sanjuan.com\/wp-content\/uploads\/2025\/10\/Cover-Book-Mockup-Instagram-Post-800x800.jpg\" class=\"attachment-large size-large wp-image-16335\" alt=\"\" srcset=\"https:\/\/iris-sanjuan.com\/wp-content\/uploads\/2025\/10\/Cover-Book-Mockup-Instagram-Post-800x800.jpg 800w, https:\/\/iris-sanjuan.com\/wp-content\/uploads\/2025\/10\/Cover-Book-Mockup-Instagram-Post-300x300.jpg 300w, https:\/\/iris-sanjuan.com\/wp-content\/uploads\/2025\/10\/Cover-Book-Mockup-Instagram-Post-150x150.jpg 150w, https:\/\/iris-sanjuan.com\/wp-content\/uploads\/2025\/10\/Cover-Book-Mockup-Instagram-Post-768x768.jpg 768w, https:\/\/iris-sanjuan.com\/wp-content\/uploads\/2025\/10\/Cover-Book-Mockup-Instagram-Post-600x600.jpg 600w, https:\/\/iris-sanjuan.com\/wp-content\/uploads\/2025\/10\/Cover-Book-Mockup-Instagram-Post.jpg 810w\" sizes=\"(max-width: 800px) 100vw, 800px\" \/>\t\t\t\t\t\t\t\t\t\t\t\t\t\t\t<\/div>\n\t\t\t\t<\/div>\n\t\t<div class=\"elementor-element elementor-element-24b22bf e-con-full e-flex e-con e-child\" data-id=\"24b22bf\" data-element_type=\"container\" data-settings=\"{&quot;background_background&quot;:&quot;classic&quot;}\">\n\t\t<div class=\"elementor-element elementor-element-c2ca11e e-con-full e-flex e-con e-child\" data-id=\"c2ca11e\" data-element_type=\"container\">\n\t\t<div class=\"elementor-element elementor-element-6e130fa e-con-full e-flex e-con e-child\" data-id=\"6e130fa\" data-element_type=\"container\">\n\t\t\t\t<div class=\"elementor-element elementor-element-a208e21 elementor-widget__width-inherit elementor-widget elementor-widget-heading\" data-id=\"a208e21\" data-element_type=\"widget\" data-widget_type=\"heading.default\">\n\t\t\t\t\t<h2 class=\"elementor-heading-title elementor-size-default\">Asesor\u00edas Empresariales con Iris Sanjuan<\/h2>\t\t\t\t<\/div>\n\t\t\t\t<\/div>\n\t\t\t\t<\/div>\n\t\t<div class=\"elementor-element elementor-element-f90cc87 e-con-full e-flex e-con e-child\" data-id=\"f90cc87\" data-element_type=\"container\">\n\t\t\t\t<div class=\"elementor-element elementor-element-36ef9fa elementor-widget__width-inherit elementor-widget elementor-widget-wd_text_block\" data-id=\"36ef9fa\" data-element_type=\"widget\" data-widget_type=\"wd_text_block.default\">\n\t\t\t\t<div class=\"elementor-widget-container\">\n\t\t\t\t\t\t\t<div class=\"wd-text-block reset-last-child text-left\">\n\t\t\t\n\t\t\t<p>Sesiones personalizadas para empresas que buscan fortalecer su cultura interna, inspirar a sus equipos y mejorar su bienestar organizacional.<br data-start=\"629\" data-end=\"632\" \/>Iris Sanjuan acompa\u00f1a a l\u00edderes y colaboradores a encontrar equilibrio, claridad y prop\u00f3sito dentro del entorno laboral.<\/p>\n\t\t\t\t\t<\/div>\n\t\t\t\t\t\t<\/div>\n\t\t\t\t<\/div>\n\t\t\t\t<div class=\"elementor-element elementor-element-fc4f540 elementor-align-center elementor-widget elementor-widget-button\" data-id=\"fc4f540\" data-element_type=\"widget\" data-widget_type=\"button.default\">\n\t\t\t\t\t\t\t\t\t\t<a class=\"elementor-button elementor-button-link elementor-size-sm\" href=\"https:\/\/wa.link\/tpq4fn\">\n\t\t\t\t\t\t<span class=\"elementor-button-content-wrapper\">\n\t\t\t\t\t\t\t\t\t<span class=\"elementor-button-text\">Agenda tu Asesor\u00eda<\/span>\n\t\t\t\t\t<\/span>\n\t\t\t\t\t<\/a>\n\t\t\t\t\t\t\t\t<\/div>\n\t\t\t\t<\/div>\n\t\t\t\t<\/div>\n\t\t\t\t\t<\/div>\n\t\t\t\t<\/div>\n\t\t<div class=\"wd-negative-gap elementor-element elementor-element-a159e3e e-flex e-con-boxed e-con e-parent\" data-id=\"a159e3e\" data-element_type=\"container\">\n\t\t\t\t\t<div class=\"e-con-inner\">\n\t\t\t\t<div class=\"elementor-element elementor-element-ec614ee elementor-widget__width-initial elementor-pagination-type-bullets elementor-arrows-position-inside elementor-pagination-position-outside elementor-widget elementor-widget-n-carousel\" data-id=\"ec614ee\" data-element_type=\"widget\" data-settings=\"{&quot;carousel_items&quot;:[{&quot;slide_title&quot;:&quot;Slide #1&quot;,&quot;_id&quot;:&quot;eae7baf&quot;},{&quot;slide_title&quot;:&quot;Slide #1&quot;,&quot;_id&quot;:&quot;1fce0f5&quot;}],&quot;slides_to_show_tablet&quot;:&quot;2&quot;,&quot;slides_to_show_mobile&quot;:&quot;1&quot;,&quot;speed&quot;:500,&quot;arrows&quot;:&quot;yes&quot;,&quot;pagination&quot;:&quot;bullets&quot;,&quot;image_spacing_custom&quot;:{&quot;unit&quot;:&quot;px&quot;,&quot;size&quot;:10,&quot;sizes&quot;:[]},&quot;image_spacing_custom_tablet&quot;:{&quot;unit&quot;:&quot;px&quot;,&quot;size&quot;:&quot;&quot;,&quot;sizes&quot;:[]},&quot;image_spacing_custom_mobile&quot;:{&quot;unit&quot;:&quot;px&quot;,&quot;size&quot;:&quot;&quot;,&quot;sizes&quot;:[]}}\" data-widget_type=\"nested-carousel.default\">\n\t\t\t\t\t\t\t<div class=\"e-n-carousel swiper\" role=\"region\" aria-roledescription=\"carousel\" aria-label=\"Carousel\" dir=\"ltr\">\n\t\t\t<div class=\"swiper-wrapper\" aria-live=\"polite\">\n\t\t\t\t\t\t\t\t\t\t<div class=\"swiper-slide\" data-slide=\"1\" role=\"group\" aria-roledescription=\"slide\" aria-label=\"1 of 2\">\n\t\t\t\t\t\t\t<div class=\"wd-negative-gap elementor-element elementor-element-edb664c e-flex e-con-boxed e-con e-child\" data-id=\"edb664c\" data-element_type=\"container\">\n\t\t\t\t\t<div class=\"e-con-inner\">\n\t\t<div class=\"elementor-element elementor-element-ae8f9e6 e-con-full e-flex e-con e-child\" data-id=\"ae8f9e6\" data-element_type=\"container\" data-settings=\"{&quot;background_background&quot;:&quot;classic&quot;}\">\n\t\t\t\t<div class=\"elementor-element elementor-element-eac1f5a elementor-widget elementor-widget-image\" data-id=\"eac1f5a\" data-element_type=\"widget\" data-widget_type=\"image.default\">\n\t\t\t\t\t\t\t\t\t\t\t\t\t\t\t<img decoding=\"async\" width=\"800\" height=\"800\" src=\"https:\/\/iris-sanjuan.com\/wp-content\/uploads\/2025\/10\/White-and-Brown-Simple-Cover-Book-Mockup-Instagram-Post-2-800x800.png\" class=\"attachment-large size-large wp-image-16025\" alt=\"\" srcset=\"https:\/\/iris-sanjuan.com\/wp-content\/uploads\/2025\/10\/White-and-Brown-Simple-Cover-Book-Mockup-Instagram-Post-2-800x800.png 800w, https:\/\/iris-sanjuan.com\/wp-content\/uploads\/2025\/10\/White-and-Brown-Simple-Cover-Book-Mockup-Instagram-Post-2-300x300.png 300w, https:\/\/iris-sanjuan.com\/wp-content\/uploads\/2025\/10\/White-and-Brown-Simple-Cover-Book-Mockup-Instagram-Post-2-150x150.png 150w, https:\/\/iris-sanjuan.com\/wp-content\/uploads\/2025\/10\/White-and-Brown-Simple-Cover-Book-Mockup-Instagram-Post-2-768x768.png 768w, https:\/\/iris-sanjuan.com\/wp-content\/uploads\/2025\/10\/White-and-Brown-Simple-Cover-Book-Mockup-Instagram-Post-2-600x600.png 600w, https:\/\/iris-sanjuan.com\/wp-content\/uploads\/2025\/10\/White-and-Brown-Simple-Cover-Book-Mockup-Instagram-Post-2.png 810w\" sizes=\"(max-width: 800px) 100vw, 800px\" \/>\t\t\t\t\t\t\t\t\t\t\t\t\t\t\t<\/div>\n\t\t\t\t<div class=\"elementor-element elementor-element-4bd173e elementor-widget elementor-widget-heading\" data-id=\"4bd173e\" data-element_type=\"widget\" data-widget_type=\"heading.default\">\n\t\t\t\t\t<p class=\"elementor-heading-title elementor-size-default\">Reinicia tu vida: M\u00e9todo Iris de Transformaci\u00f3n <\/p>\t\t\t\t<\/div>\n\t\t\t\t<div class=\"elementor-element elementor-element-3c84396 elementor-align-center elementor-widget elementor-widget-button\" data-id=\"3c84396\" data-element_type=\"widget\" data-widget_type=\"button.default\">\n\t\t\t\t\t\t\t\t\t\t<a class=\"elementor-button elementor-button-link elementor-size-sm\" href=\"https:\/\/iris-sanjuan.com\/en\/reinicia-tu-vida-metodo-iris-de-transformacion-version-impresa\/\">\n\t\t\t\t\t\t<span class=\"elementor-button-content-wrapper\">\n\t\t\t\t\t\t\t\t\t<span class=\"elementor-button-text\">Leer m\u00e1s<\/span>\n\t\t\t\t\t<\/span>\n\t\t\t\t\t<\/a>\n\t\t\t\t\t\t\t\t<\/div>\n\t\t\t\t<\/div>\n\t\t\t\t\t<\/div>\n\t\t\t\t<\/div>\n\t\t\t\t\t\t\t\t<\/div>\n\t\t\t\t\t\t\t\t\t\t\t<div class=\"swiper-slide\" data-slide=\"2\" role=\"group\" aria-roledescription=\"slide\" aria-label=\"2 of 2\">\n\t\t\t\t\t\t\t<div class=\"wd-negative-gap elementor-element elementor-element-a08f7ff e-flex e-con-boxed e-con e-child\" data-id=\"a08f7ff\" data-element_type=\"container\">\n\t\t\t\t\t<div class=\"e-con-inner\">\n\t\t<div class=\"elementor-element elementor-element-0df449a e-con-full e-flex e-con e-child\" data-id=\"0df449a\" data-element_type=\"container\" data-settings=\"{&quot;background_background&quot;:&quot;classic&quot;}\">\n\t\t\t\t<div class=\"elementor-element elementor-element-2215b36 elementor-widget elementor-widget-image\" data-id=\"2215b36\" data-element_type=\"widget\" data-widget_type=\"image.default\">\n\t\t\t\t\t\t\t\t\t\t\t\t\t\t\t<img decoding=\"async\" width=\"800\" height=\"800\" src=\"https:\/\/iris-sanjuan.com\/wp-content\/uploads\/2025\/10\/White-and-Brown-Simple-Cover-Book-Mockup-Instagram-Post-2-800x800.png\" class=\"attachment-large size-large wp-image-16025\" alt=\"\" srcset=\"https:\/\/iris-sanjuan.com\/wp-content\/uploads\/2025\/10\/White-and-Brown-Simple-Cover-Book-Mockup-Instagram-Post-2-800x800.png 800w, https:\/\/iris-sanjuan.com\/wp-content\/uploads\/2025\/10\/White-and-Brown-Simple-Cover-Book-Mockup-Instagram-Post-2-300x300.png 300w, https:\/\/iris-sanjuan.com\/wp-content\/uploads\/2025\/10\/White-and-Brown-Simple-Cover-Book-Mockup-Instagram-Post-2-150x150.png 150w, https:\/\/iris-sanjuan.com\/wp-content\/uploads\/2025\/10\/White-and-Brown-Simple-Cover-Book-Mockup-Instagram-Post-2-768x768.png 768w, https:\/\/iris-sanjuan.com\/wp-content\/uploads\/2025\/10\/White-and-Brown-Simple-Cover-Book-Mockup-Instagram-Post-2-600x600.png 600w, https:\/\/iris-sanjuan.com\/wp-content\/uploads\/2025\/10\/White-and-Brown-Simple-Cover-Book-Mockup-Instagram-Post-2.png 810w\" sizes=\"(max-width: 800px) 100vw, 800px\" \/>\t\t\t\t\t\t\t\t\t\t\t\t\t\t\t<\/div>\n\t\t\t\t<div class=\"elementor-element elementor-element-9de52d7 elementor-widget elementor-widget-heading\" data-id=\"9de52d7\" data-element_type=\"widget\" data-widget_type=\"heading.default\">\n\t\t\t\t\t<p class=\"elementor-heading-title elementor-size-default\">Reinicia tu vida: M\u00e9todo Iris de Transformaci\u00f3n \u2013 Versi\u00f3n Digital (eBook)\n<\/p>\t\t\t\t<\/div>\n\t\t\t\t<div class=\"elementor-element elementor-element-ceafece elementor-align-center elementor-widget elementor-widget-button\" data-id=\"ceafece\" data-element_type=\"widget\" data-widget_type=\"button.default\">\n\t\t\t\t\t\t\t\t\t\t<a class=\"elementor-button elementor-button-link elementor-size-sm\" href=\"https:\/\/iris-sanjuan.com\/en\/reinicia-tu-vida-metodo-iris-de-transformacion-version-digital-ebook\/\">\n\t\t\t\t\t\t<span class=\"elementor-button-content-wrapper\">\n\t\t\t\t\t\t\t\t\t<span class=\"elementor-button-text\">Leer m\u00e1s<\/span>\n\t\t\t\t\t<\/span>\n\t\t\t\t\t<\/a>\n\t\t\t\t\t\t\t\t<\/div>\n\t\t\t\t<\/div>\n\t\t\t\t\t<\/div>\n\t\t\t\t<\/div>\n\t\t\t\t\t\t\t\t<\/div>\n\t\t\t\t\t\t\t\t<\/div>\n\t\t<\/div>\n\t\t\t\t\t<div class=\"elementor-swiper-button elementor-swiper-button-prev\" role=\"button\" tabindex=\"0\" aria-label=\"Previous\">\n\t\t\t\t<svg aria-hidden=\"true\" class=\"e-font-icon-svg e-eicon-chevron-left\" viewbox=\"0 0 1000 1000\" xmlns=\"http:\/\/www.w3.org\/2000\/svg\"><path d=\"M646 125C629 125 613 133 604 142L308 442C296 454 292 471 292 487 292 504 296 521 308 533L604 854C617 867 629 875 646 875 663 875 679 871 692 858 704 846 713 829 713 812 713 796 708 779 692 767L438 487 692 225C700 217 708 204 708 187 708 171 704 154 692 142 675 129 663 125 646 125Z\"><\/path><\/svg>\t\t\t<\/div>\n\t\t\t<div class=\"elementor-swiper-button elementor-swiper-button-next\" role=\"button\" tabindex=\"0\" aria-label=\"Next\">\n\t\t\t\t<svg aria-hidden=\"true\" class=\"e-font-icon-svg e-eicon-chevron-right\" viewbox=\"0 0 1000 1000\" xmlns=\"http:\/\/www.w3.org\/2000\/svg\"><path d=\"M696 533C708 521 713 504 713 487 713 471 708 454 696 446L400 146C388 133 375 125 354 125 338 125 325 129 313 142 300 154 292 171 292 187 292 204 296 221 308 233L563 492 304 771C292 783 288 800 288 817 288 833 296 850 308 863 321 871 338 875 354 875 371 875 388 867 400 854L696 533Z\"><\/path><\/svg>\t\t\t<\/div>\n\t\t\t\t\t<div class=\"swiper-pagination\"><\/div>\n\t\t\t\t\t\t<\/div>\n\t\t\t\t\t<\/div>\n\t\t\t\t<\/div>\n\t\t\t\t<\/div>","protected":false},"excerpt":{"rendered":"<p>Inicio \/\u00a0 Asesor\u00edas Empresariales con Iris Sanjuan Asesor\u00edas Empresariales con Iris Sanjuan Sesiones personalizadas para empresas que buscan fortalecer su<\/p>","protected":false},"author":1,"featured_media":0,"parent":0,"menu_order":0,"comment_status":"closed","ping_status":"closed","template":"","meta":{"footnotes":""},"class_list":["post-16541","page","type-page","status-publish","hentry"],"_links":{"self":[{"href":"https:\/\/iris-sanjuan.com\/en\/wp-json\/wp\/v2\/pages\/16541","targetHints":{"allow":["GET"]}}],"collection":[{"href":"https:\/\/iris-sanjuan.com\/en\/wp-json\/wp\/v2\/pages"}],"about":[{"href":"https:\/\/iris-sanjuan.com\/en\/wp-json\/wp\/v2\/types\/page"}],"author":[{"embeddable":true,"href":"https:\/\/iris-sanjuan.com\/en\/wp-json\/wp\/v2\/users\/1"}],"replies":[{"embeddable":true,"href":"https:\/\/iris-sanjuan.com\/en\/wp-json\/wp\/v2\/comments?post=16541"}],"version-history":[{"count":16,"href":"https:\/\/iris-sanjuan.com\/en\/wp-json\/wp\/v2\/pages\/16541\/revisions"}],"predecessor-version":[{"id":16584,"href":"https:\/\/iris-sanjuan.com\/en\/wp-json\/wp\/v2\/pages\/16541\/revisions\/16584"}],"wp:attachment":[{"href":"https:\/\/iris-sanjuan.com\/en\/wp-json\/wp\/v2\/media?parent=16541"}],"curies":[{"name":"wp","href":"https:\/\/api.w.org\/{rel}","templated":true}]}}