{"id":16487,"date":"2026-01-28T20:26:11","date_gmt":"2026-01-29T00:26:11","guid":{"rendered":"https:\/\/iris-sanjuan.com\/?page_id=16487"},"modified":"2026-01-28T23:11:48","modified_gmt":"2026-01-29T03:11:48","slug":"reinicia-tu-vida-metodo-iris-de-transformacion-version-digital-ebook","status":"publish","type":"page","link":"https:\/\/iris-sanjuan.com\/en\/reinicia-tu-vida-metodo-iris-de-transformacion-version-digital-ebook\/","title":{"rendered":"Reinicia tu vida: M\u00e9todo Iris de Transformaci\u00f3n \u2013 Versi\u00f3n Digital (eBook)"},"content":{"rendered":"<div data-elementor-type=\"wp-page\" data-elementor-id=\"16487\" class=\"elementor elementor-16487\" data-elementor-post-type=\"page\">\n\t\t\t\t<div class=\"wd-negative-gap elementor-element elementor-element-3f55954 e-flex e-con-boxed e-con e-parent\" data-id=\"3f55954\" data-element_type=\"container\">\n\t\t\t\t\t<div class=\"e-con-inner\">\n\t\t\t\t<div class=\"elementor-element elementor-element-4e31d64 elementor-widget__width-inherit elementor-widget elementor-widget-wd_text_block\" data-id=\"4e31d64\" data-element_type=\"widget\" data-widget_type=\"wd_text_block.default\">\n\t\t\t\t<div class=\"elementor-widget-container\">\n\t\t\t\t\t\t\t<div class=\"wd-text-block reset-last-child text-left\">\n\t\t\t\n\t\t\t<p>Inicio<i> \/ <\/i><strong>Reinicia tu vida: M\u00e9todo Iris de Transformaci\u00f3n \u2013 Versi\u00f3n Digital (eBook)<\/strong><\/p>\n\t\t\t\t\t<\/div>\n\t\t\t\t\t\t<\/div>\n\t\t\t\t<\/div>\n\t\t\t\t\t<\/div>\n\t\t\t\t<\/div>\n\t\t<div class=\"wd-negative-gap elementor-element elementor-element-c290399 e-flex e-con-boxed e-con e-parent\" data-id=\"c290399\" data-element_type=\"container\">\n\t\t\t\t\t<div class=\"e-con-inner\">\n\t\t<div class=\"elementor-element elementor-element-9224d73 e-con-full e-flex e-con e-child\" data-id=\"9224d73\" data-element_type=\"container\" data-settings=\"{&quot;background_background&quot;:&quot;classic&quot;}\">\n\t\t\t\t<div class=\"elementor-element elementor-element-1574fb7 elementor-widget elementor-widget-image\" data-id=\"1574fb7\" data-element_type=\"widget\" data-widget_type=\"image.default\">\n\t\t\t\t\t\t\t\t\t\t\t\t\t\t\t<img fetchpriority=\"high\" decoding=\"async\" width=\"800\" height=\"800\" src=\"https:\/\/iris-sanjuan.com\/wp-content\/uploads\/2025\/10\/White-and-Brown-Simple-Cover-Book-Mockup-Instagram-Post-2-800x800.png\" class=\"attachment-large size-large wp-image-16025\" alt=\"\" srcset=\"https:\/\/iris-sanjuan.com\/wp-content\/uploads\/2025\/10\/White-and-Brown-Simple-Cover-Book-Mockup-Instagram-Post-2-800x800.png 800w, https:\/\/iris-sanjuan.com\/wp-content\/uploads\/2025\/10\/White-and-Brown-Simple-Cover-Book-Mockup-Instagram-Post-2-300x300.png 300w, https:\/\/iris-sanjuan.com\/wp-content\/uploads\/2025\/10\/White-and-Brown-Simple-Cover-Book-Mockup-Instagram-Post-2-150x150.png 150w, https:\/\/iris-sanjuan.com\/wp-content\/uploads\/2025\/10\/White-and-Brown-Simple-Cover-Book-Mockup-Instagram-Post-2-768x768.png 768w, https:\/\/iris-sanjuan.com\/wp-content\/uploads\/2025\/10\/White-and-Brown-Simple-Cover-Book-Mockup-Instagram-Post-2-600x600.png 600w, https:\/\/iris-sanjuan.com\/wp-content\/uploads\/2025\/10\/White-and-Brown-Simple-Cover-Book-Mockup-Instagram-Post-2.png 810w\" sizes=\"(max-width: 800px) 100vw, 800px\" \/>\t\t\t\t\t\t\t\t\t\t\t\t\t\t\t<\/div>\n\t\t\t\t<\/div>\n\t\t<div class=\"elementor-element elementor-element-a3b877c e-con-full e-flex e-con e-child\" data-id=\"a3b877c\" data-element_type=\"container\" data-settings=\"{&quot;background_background&quot;:&quot;classic&quot;}\">\n\t\t<div class=\"elementor-element elementor-element-f06440b e-con-full e-flex e-con e-child\" data-id=\"f06440b\" data-element_type=\"container\">\n\t\t<div class=\"elementor-element elementor-element-4763a00 e-con-full e-flex e-con e-child\" data-id=\"4763a00\" data-element_type=\"container\">\n\t\t\t\t<div class=\"elementor-element elementor-element-c4fa86e elementor-widget__width-inherit elementor-widget elementor-widget-heading\" data-id=\"c4fa86e\" data-element_type=\"widget\" data-widget_type=\"heading.default\">\n\t\t\t\t\t<h2 class=\"elementor-heading-title elementor-size-default\">Reinicia tu vida: M\u00e9todo Iris de Transformaci\u00f3n \u2013 Versi\u00f3n Digital (eBook)\n<\/h2>\t\t\t\t<\/div>\n\t\t\t\t<\/div>\n\t\t\t\t<\/div>\n\t\t<div class=\"elementor-element elementor-element-aae1426 e-con-full e-flex e-con e-child\" data-id=\"aae1426\" data-element_type=\"container\">\n\t\t\t\t<div class=\"elementor-element elementor-element-005c071 elementor-widget__width-inherit elementor-widget elementor-widget-wd_text_block\" data-id=\"005c071\" data-element_type=\"widget\" data-widget_type=\"wd_text_block.default\">\n\t\t\t\t<div class=\"elementor-widget-container\">\n\t\t\t\t\t\t\t<div class=\"wd-text-block reset-last-child text-left\">\n\t\t\t\n\t\t\t<p>\u00bfSientes que tu vida necesita un cambio pero no sabes por d\u00f3nde empezar? En Reinicia tu Vida, Iris Sanjuan te gu\u00eda a trav\u00e9s de un proceso probado de cinco pasos: Consciencia, Claridad, Alineamiento, Energ\u00eda y Acci\u00f3n. Este libro no es solo una lectura inspiradora; es una herramienta pr\u00e1ctica dise\u00f1ada para empoderarte y ayudarte a tomar el control de tu destino.<\/p><p><span class=\"a-text-bold\">Iris Sanjuan<\/span>, coach certificada y conferencista internacional, ofrece un camino claro para quienes desean\u00a0<span class=\"a-text-bold\">descubrir su prop\u00f3sito<\/span>,\u00a0<span class=\"a-text-bold\">empoderarse<\/span>\u00a0y avanzar hacia su\u00a0<span class=\"a-text-bold\">mejor versi\u00f3n<\/span>\u00a0con intenci\u00f3n y resultados.<\/p><p>Con herramientas pr\u00e1cticas, ejercicios de reflexi\u00f3n y estrategias efectivas, esta obra te ayuda a\u00a0<span class=\"a-text-bold\">superar bloqueos mentales<\/span>,\u00a0<span class=\"a-text-bold\">alinearte con tus valores<\/span>, recuperar tu energ\u00eda y dar pasos concretos hacia tus metas. Adem\u00e1s, el M\u00e9todo IRIS tiene aplicaci\u00f3n en el mundo empresarial, siendo una valiosa herramienta para l\u00edderes, ejecutivos y equipos que buscan\u00a0<span class=\"a-text-bold\">productividad con bienestar<\/span>,\u00a0<span class=\"a-text-bold\">alineaci\u00f3n organizacional<\/span>\u00a0y\u00a0<span class=\"a-text-bold\">crecimiento con prop\u00f3sito<\/span>.<\/p><p>Este libro es ideal para quienes est\u00e1n decididos a tomar las riendas de su vida, reinventarse y vivir con m\u00e1s claridad, fuerza interior y autenticidad. Si buscas un verdadero cambio personal o profesional,\u00a0<span class=\"a-text-italic\">Restart your life<\/span>\u00a0ser\u00e1 tu mapa y tu impulso.<\/p>\n\t\t\t\t\t<\/div>\n\t\t\t\t\t\t<\/div>\n\t\t\t\t<\/div>\n\t\t\t\t<div class=\"elementor-element elementor-element-51a9d01 elementor-align-center elementor-widget elementor-widget-button\" data-id=\"51a9d01\" data-element_type=\"widget\" data-widget_type=\"button.default\">\n\t\t\t\t\t\t\t\t\t\t<a class=\"elementor-button elementor-button-link elementor-size-sm\" href=\"https:\/\/a.co\/d\/eJrh969\">\n\t\t\t\t\t\t<span class=\"elementor-button-content-wrapper\">\n\t\t\t\t\t\t\t\t\t<span class=\"elementor-button-text\">Comprar ahora<\/span>\n\t\t\t\t\t<\/span>\n\t\t\t\t\t<\/a>\n\t\t\t\t\t\t\t\t<\/div>\n\t\t\t\t<\/div>\n\t\t\t\t<\/div>\n\t\t\t\t\t<\/div>\n\t\t\t\t<\/div>\n\t\t<div class=\"wd-negative-gap elementor-element elementor-element-4853cea e-flex e-con-boxed e-con e-parent\" data-id=\"4853cea\" data-element_type=\"container\">\n\t\t\t\t\t<div class=\"e-con-inner\">\n\t\t\t\t<div class=\"elementor-element elementor-element-a403d15 elementor-widget__width-initial elementor-pagination-type-bullets elementor-arrows-position-inside elementor-pagination-position-outside elementor-widget elementor-widget-n-carousel\" data-id=\"a403d15\" data-element_type=\"widget\" data-settings=\"{&quot;carousel_items&quot;:[{&quot;slide_title&quot;:&quot;Slide #1&quot;,&quot;_id&quot;:&quot;eae7baf&quot;},{&quot;slide_title&quot;:&quot;Slide #1&quot;,&quot;_id&quot;:&quot;1fce0f5&quot;}],&quot;slides_to_show_tablet&quot;:&quot;2&quot;,&quot;slides_to_show_mobile&quot;:&quot;1&quot;,&quot;speed&quot;:500,&quot;arrows&quot;:&quot;yes&quot;,&quot;pagination&quot;:&quot;bullets&quot;,&quot;image_spacing_custom&quot;:{&quot;unit&quot;:&quot;px&quot;,&quot;size&quot;:10,&quot;sizes&quot;:[]},&quot;image_spacing_custom_tablet&quot;:{&quot;unit&quot;:&quot;px&quot;,&quot;size&quot;:&quot;&quot;,&quot;sizes&quot;:[]},&quot;image_spacing_custom_mobile&quot;:{&quot;unit&quot;:&quot;px&quot;,&quot;size&quot;:&quot;&quot;,&quot;sizes&quot;:[]}}\" data-widget_type=\"nested-carousel.default\">\n\t\t\t\t\t\t\t<div class=\"e-n-carousel swiper\" role=\"region\" aria-roledescription=\"carousel\" aria-label=\"Carousel\" dir=\"ltr\">\n\t\t\t<div class=\"swiper-wrapper\" aria-live=\"polite\">\n\t\t\t\t\t\t\t\t\t\t<div class=\"swiper-slide\" data-slide=\"1\" role=\"group\" aria-roledescription=\"slide\" aria-label=\"1 of 2\" data-no-translation-aria-label=\"\">\n\t\t\t\t\t\t\t<div class=\"wd-negative-gap elementor-element elementor-element-7170e34 e-flex e-con-boxed e-con e-child\" data-id=\"7170e34\" data-element_type=\"container\">\n\t\t\t\t\t<div class=\"e-con-inner\">\n\t\t<div class=\"elementor-element elementor-element-a94d764 e-con-full e-flex e-con e-child\" data-id=\"a94d764\" data-element_type=\"container\" data-settings=\"{&quot;background_background&quot;:&quot;classic&quot;}\">\n\t\t\t\t<div class=\"elementor-element elementor-element-1b2fa14 elementor-widget elementor-widget-image\" data-id=\"1b2fa14\" data-element_type=\"widget\" data-widget_type=\"image.default\">\n\t\t\t\t\t\t\t\t\t\t\t\t\t\t\t<img decoding=\"async\" width=\"800\" height=\"800\" src=\"https:\/\/iris-sanjuan.com\/wp-content\/uploads\/2025\/10\/Cover-Book-Mockup-Instagram-Post-800x800.jpg\" class=\"attachment-large size-large wp-image-16335\" alt=\"\" srcset=\"https:\/\/iris-sanjuan.com\/wp-content\/uploads\/2025\/10\/Cover-Book-Mockup-Instagram-Post-800x800.jpg 800w, https:\/\/iris-sanjuan.com\/wp-content\/uploads\/2025\/10\/Cover-Book-Mockup-Instagram-Post-300x300.jpg 300w, https:\/\/iris-sanjuan.com\/wp-content\/uploads\/2025\/10\/Cover-Book-Mockup-Instagram-Post-150x150.jpg 150w, https:\/\/iris-sanjuan.com\/wp-content\/uploads\/2025\/10\/Cover-Book-Mockup-Instagram-Post-768x768.jpg 768w, https:\/\/iris-sanjuan.com\/wp-content\/uploads\/2025\/10\/Cover-Book-Mockup-Instagram-Post-600x600.jpg 600w, https:\/\/iris-sanjuan.com\/wp-content\/uploads\/2025\/10\/Cover-Book-Mockup-Instagram-Post.jpg 810w\" sizes=\"(max-width: 800px) 100vw, 800px\" \/>\t\t\t\t\t\t\t\t\t\t\t\t\t\t\t<\/div>\n\t\t\t\t<div class=\"elementor-element elementor-element-8a312f3 elementor-widget elementor-widget-heading\" data-id=\"8a312f3\" data-element_type=\"widget\" data-widget_type=\"heading.default\">\n\t\t\t\t\t<p class=\"elementor-heading-title elementor-size-default\">Asesor\u00edas Empresariales<br> con Iris Sanjuan<\/p>\t\t\t\t<\/div>\n\t\t\t\t<div class=\"elementor-element elementor-element-2eddcc8 elementor-align-center elementor-widget elementor-widget-button\" data-id=\"2eddcc8\" data-element_type=\"widget\" data-widget_type=\"button.default\">\n\t\t\t\t\t\t\t\t\t\t<a class=\"elementor-button elementor-button-link elementor-size-sm\" href=\"https:\/\/iris-sanjuan.com\/en\/asesorias-empresariales-con-iris-sanjuan\/\">\n\t\t\t\t\t\t<span class=\"elementor-button-content-wrapper\">\n\t\t\t\t\t\t\t\t\t<span class=\"elementor-button-text\">Leer m\u00e1s<\/span>\n\t\t\t\t\t<\/span>\n\t\t\t\t\t<\/a>\n\t\t\t\t\t\t\t\t<\/div>\n\t\t\t\t<\/div>\n\t\t\t\t\t<\/div>\n\t\t\t\t<\/div>\n\t\t\t\t\t\t\t\t<\/div>\n\t\t\t\t\t\t\t\t\t\t\t<div class=\"swiper-slide\" data-slide=\"2\" role=\"group\" aria-roledescription=\"slide\" aria-label=\"2 of 2\" data-no-translation-aria-label=\"\">\n\t\t\t\t\t\t\t<div class=\"wd-negative-gap elementor-element elementor-element-f0d136a e-flex e-con-boxed e-con e-child\" data-id=\"f0d136a\" data-element_type=\"container\">\n\t\t\t\t\t<div class=\"e-con-inner\">\n\t\t<div class=\"elementor-element elementor-element-1821a1a e-con-full e-flex e-con e-child\" data-id=\"1821a1a\" data-element_type=\"container\" data-settings=\"{&quot;background_background&quot;:&quot;classic&quot;}\">\n\t\t\t\t<div class=\"elementor-element elementor-element-b1fad12 elementor-widget elementor-widget-image\" data-id=\"b1fad12\" data-element_type=\"widget\" data-widget_type=\"image.default\">\n\t\t\t\t\t\t\t\t\t\t\t\t\t\t\t<img fetchpriority=\"high\" decoding=\"async\" width=\"800\" height=\"800\" src=\"https:\/\/iris-sanjuan.com\/wp-content\/uploads\/2025\/10\/White-and-Brown-Simple-Cover-Book-Mockup-Instagram-Post-2-800x800.png\" class=\"attachment-large size-large wp-image-16025\" alt=\"\" srcset=\"https:\/\/iris-sanjuan.com\/wp-content\/uploads\/2025\/10\/White-and-Brown-Simple-Cover-Book-Mockup-Instagram-Post-2-800x800.png 800w, https:\/\/iris-sanjuan.com\/wp-content\/uploads\/2025\/10\/White-and-Brown-Simple-Cover-Book-Mockup-Instagram-Post-2-300x300.png 300w, https:\/\/iris-sanjuan.com\/wp-content\/uploads\/2025\/10\/White-and-Brown-Simple-Cover-Book-Mockup-Instagram-Post-2-150x150.png 150w, https:\/\/iris-sanjuan.com\/wp-content\/uploads\/2025\/10\/White-and-Brown-Simple-Cover-Book-Mockup-Instagram-Post-2-768x768.png 768w, https:\/\/iris-sanjuan.com\/wp-content\/uploads\/2025\/10\/White-and-Brown-Simple-Cover-Book-Mockup-Instagram-Post-2-600x600.png 600w, https:\/\/iris-sanjuan.com\/wp-content\/uploads\/2025\/10\/White-and-Brown-Simple-Cover-Book-Mockup-Instagram-Post-2.png 810w\" sizes=\"(max-width: 800px) 100vw, 800px\" \/>\t\t\t\t\t\t\t\t\t\t\t\t\t\t\t<\/div>\n\t\t\t\t<div class=\"elementor-element elementor-element-a9270c2 elementor-widget elementor-widget-heading\" data-id=\"a9270c2\" data-element_type=\"widget\" data-widget_type=\"heading.default\">\n\t\t\t\t\t<p class=\"elementor-heading-title elementor-size-default\">Reinicia tu vida: M\u00e9todo Iris de Transformaci\u00f3n <\/p>\t\t\t\t<\/div>\n\t\t\t\t<div class=\"elementor-element elementor-element-859a650 elementor-align-center elementor-widget elementor-widget-button\" data-id=\"859a650\" data-element_type=\"widget\" data-widget_type=\"button.default\">\n\t\t\t\t\t\t\t\t\t\t<a class=\"elementor-button elementor-button-link elementor-size-sm\" href=\"https:\/\/iris-sanjuan.com\/en\/reinicia-tu-vida-metodo-iris-de-transformacion-version-impresa\/\">\n\t\t\t\t\t\t<span class=\"elementor-button-content-wrapper\">\n\t\t\t\t\t\t\t\t\t<span class=\"elementor-button-text\">Leer m\u00e1s<\/span>\n\t\t\t\t\t<\/span>\n\t\t\t\t\t<\/a>\n\t\t\t\t\t\t\t\t<\/div>\n\t\t\t\t<\/div>\n\t\t\t\t\t<\/div>\n\t\t\t\t<\/div>\n\t\t\t\t\t\t\t\t<\/div>\n\t\t\t\t\t\t\t\t<\/div>\n\t\t<\/div>\n\t\t\t\t\t<div class=\"elementor-swiper-button elementor-swiper-button-prev\" role=\"button\" tabindex=\"0\" aria-label=\"Previous\" data-no-translation-aria-label=\"\">\n\t\t\t\t<svg aria-hidden=\"true\" class=\"e-font-icon-svg e-eicon-chevron-left\" viewbox=\"0 0 1000 1000\" xmlns=\"http:\/\/www.w3.org\/2000\/svg\"><path d=\"M646 125C629 125 613 133 604 142L308 442C296 454 292 471 292 487 292 504 296 521 308 533L604 854C617 867 629 875 646 875 663 875 679 871 692 858 704 846 713 829 713 812 713 796 708 779 692 767L438 487 692 225C700 217 708 204 708 187 708 171 704 154 692 142 675 129 663 125 646 125Z\"><\/path><\/svg>\t\t\t<\/div>\n\t\t\t<div class=\"elementor-swiper-button elementor-swiper-button-next\" role=\"button\" tabindex=\"0\" aria-label=\"Next\" data-no-translation-aria-label=\"\">\n\t\t\t\t<svg aria-hidden=\"true\" class=\"e-font-icon-svg e-eicon-chevron-right\" viewbox=\"0 0 1000 1000\" xmlns=\"http:\/\/www.w3.org\/2000\/svg\"><path d=\"M696 533C708 521 713 504 713 487 713 471 708 454 696 446L400 146C388 133 375 125 354 125 338 125 325 129 313 142 300 154 292 171 292 187 292 204 296 221 308 233L563 492 304 771C292 783 288 800 288 817 288 833 296 850 308 863 321 871 338 875 354 875 371 875 388 867 400 854L696 533Z\"><\/path><\/svg>\t\t\t<\/div>\n\t\t\t\t\t<div class=\"swiper-pagination\"><\/div>\n\t\t\t\t\t\t<\/div>\n\t\t\t\t\t<\/div>\n\t\t\t\t<\/div>\n\t\t\t\t<\/div>","protected":false},"excerpt":{"rendered":"<p>Inicio \/ Reinicia tu vida: M\u00e9todo Iris de Transformaci\u00f3n \u2013 Versi\u00f3n Digital (eBook) Reinicia tu vida: M\u00e9todo Iris de Transformaci\u00f3n<\/p>","protected":false},"author":1,"featured_media":0,"parent":0,"menu_order":0,"comment_status":"closed","ping_status":"closed","template":"","meta":{"footnotes":""},"class_list":["post-16487","page","type-page","status-publish","hentry"],"_links":{"self":[{"href":"https:\/\/iris-sanjuan.com\/en\/wp-json\/wp\/v2\/pages\/16487","targetHints":{"allow":["GET"]}}],"collection":[{"href":"https:\/\/iris-sanjuan.com\/en\/wp-json\/wp\/v2\/pages"}],"about":[{"href":"https:\/\/iris-sanjuan.com\/en\/wp-json\/wp\/v2\/types\/page"}],"author":[{"embeddable":true,"href":"https:\/\/iris-sanjuan.com\/en\/wp-json\/wp\/v2\/users\/1"}],"replies":[{"embeddable":true,"href":"https:\/\/iris-sanjuan.com\/en\/wp-json\/wp\/v2\/comments?post=16487"}],"version-history":[{"count":29,"href":"https:\/\/iris-sanjuan.com\/en\/wp-json\/wp\/v2\/pages\/16487\/revisions"}],"predecessor-version":[{"id":16581,"href":"https:\/\/iris-sanjuan.com\/en\/wp-json\/wp\/v2\/pages\/16487\/revisions\/16581"}],"wp:attachment":[{"href":"https:\/\/iris-sanjuan.com\/en\/wp-json\/wp\/v2\/media?parent=16487"}],"curies":[{"name":"wp","href":"https:\/\/api.w.org\/{rel}","templated":true}]}}